{"id":6,"date":"2010-08-12T07:28:44","date_gmt":"2010-08-12T07:28:44","guid":{"rendered":"http:\/\/www.ferroware.fi\/work\/?page_id=6"},"modified":"2017-04-21T13:11:03","modified_gmt":"2017-04-21T11:11:03","slug":"etusivu","status":"publish","type":"page","link":"https:\/\/www.ferroware.fi\/","title":{"rendered":"Etusivu"},"content":{"rendered":"<p>FerroWare tarjoaa monipuolisia tietotekniikan palveluita vuosien kokemuksella. Palveluvalikoimaamme kuuluvat kotisivujen toteuttaminen sek\u00e4 l\u00e4hitukipalvelut. Puhumme tietotekniikasta ymm\u00e4rrett\u00e4v\u00e4ll\u00e4 tavalla. Liity sin\u00e4kin tyytyv\u00e4isten asiakkaidemme joukkoon!<\/p>\n<p>Tarjoamme palveluita niin yrityksille, j\u00e4rjest\u00f6ille kuin yksityishenkil\u00f6illekin. Toiminta-alueenamme on p\u00e4\u00e4kaupunkiseutu.<\/p>\n","protected":false},"excerpt":{"rendered":"<p>FerroWare tarjoaa monipuolisia tietotekniikan palveluita vuosien kokemuksella. Palveluvalikoimaamme kuuluvat kotisivujen toteuttaminen sek\u00e4 l\u00e4hitukipalvelut. Puhumme tietotekniikasta ymm\u00e4rrett\u00e4v\u00e4ll\u00e4 tavalla. Liity sin\u00e4kin tyytyv\u00e4isten asiakkaidemme joukkoon! Tarjoamme palveluita niin yrityksille, j\u00e4rjest\u00f6ille kuin yksityishenkil\u00f6illekin. Toiminta-alueenamme on p\u00e4\u00e4kaupunkiseutu.<\/p>\n","protected":false},"author":1,"featured_media":0,"parent":0,"menu_order":10,"comment_status":"closed","ping_status":"closed","template":"","meta":{"_monsterinsights_skip_tracking":false,"_monsterinsights_sitenote_active":false,"_monsterinsights_sitenote_note":"","_monsterinsights_sitenote_category":0,"footnotes":""},"class_list":["post-6","page","type-page","status-publish","hentry"],"_links":{"self":[{"href":"https:\/\/www.ferroware.fi\/index.php?rest_route=\/wp\/v2\/pages\/6","targetHints":{"allow":["GET"]}}],"collection":[{"href":"https:\/\/www.ferroware.fi\/index.php?rest_route=\/wp\/v2\/pages"}],"about":[{"href":"https:\/\/www.ferroware.fi\/index.php?rest_route=\/wp\/v2\/types\/page"}],"author":[{"embeddable":true,"href":"https:\/\/www.ferroware.fi\/index.php?rest_route=\/wp\/v2\/users\/1"}],"replies":[{"embeddable":true,"href":"https:\/\/www.ferroware.fi\/index.php?rest_route=%2Fwp%2Fv2%2Fcomments&post=6"}],"version-history":[{"count":15,"href":"https:\/\/www.ferroware.fi\/index.php?rest_route=\/wp\/v2\/pages\/6\/revisions"}],"predecessor-version":[{"id":103,"href":"https:\/\/www.ferroware.fi\/index.php?rest_route=\/wp\/v2\/pages\/6\/revisions\/103"}],"wp:attachment":[{"href":"https:\/\/www.ferroware.fi\/index.php?rest_route=%2Fwp%2Fv2%2Fmedia&parent=6"}],"curies":[{"name":"wp","href":"https:\/\/api.w.org\/{rel}","templated":true}]}}