{"id":14,"date":"2010-08-12T09:34:20","date_gmt":"2010-08-12T07:34:20","guid":{"rendered":"http:\/\/www.ferroware.fi\/work\/?page_id=14"},"modified":"2024-06-29T17:06:48","modified_gmt":"2024-06-29T15:06:48","slug":"hinnasto","status":"publish","type":"page","link":"https:\/\/www.ferroware.fi\/?page_id=14","title":{"rendered":"Hinnasto"},"content":{"rendered":"<h2>Hinnasto Yrityksille:<\/h2>\n<p>Veloitus perustuu k\u00e4ytettyyn aikaan. Tuntihinta on 50 euroa ja minimiveloitus 30 euroa. Yritysasiakkaiden hintoihin lis\u00e4t\u00e4\u00e4n alv.<\/p>\n<p>Annamme halutessanne etuk\u00e4teen kustannusarvion.<\/p>\n<h2>Hinnasto kuluttaja-asiakkaille:<\/h2>\n<p>Veloitus perustuu k\u00e4ytettyyn aikaan. Tuntihinta on 45 euroa. Minimiveloitus on 20 euroa. Kuluttaja-asiakkaiden hintoihin lis\u00e4t\u00e4\u00e4n alv.<\/p>\n<p>P\u00e4\u00e4kaupunkiseudulla (Helsinki, Espoo, Vantaa, Kauniainen) ei perit\u00e4 km-korvausta eik\u00e4 veloitusta matka-ajasta.<\/p>\n<p><span style=\"color: #000000;\"><a href=\"http:\/\/www.ferroware.fi\/?page_id=35\" target=\"_self\" rel=\"noopener\">Toimitusehdot<\/a><\/span><\/p>\n","protected":false},"excerpt":{"rendered":"<p>Hinnasto Yrityksille: Veloitus perustuu k\u00e4ytettyyn aikaan. Tuntihinta on 50 euroa ja minimiveloitus 30 euroa. Yritysasiakkaiden hintoihin lis\u00e4t\u00e4\u00e4n alv. Annamme halutessanne etuk\u00e4teen kustannusarvion. Hinnasto kuluttaja-asiakkaille: Veloitus perustuu k\u00e4ytettyyn aikaan. Tuntihinta on 45 euroa. Minimiveloitus on 20 euroa. Kuluttaja-asiakkaiden hintoihin lis\u00e4t\u00e4\u00e4n alv. P\u00e4\u00e4kaupunkiseudulla (Helsinki, Espoo, Vantaa, Kauniainen) ei perit\u00e4 km-korvausta eik\u00e4 veloitusta matka-ajasta. Toimitusehdot<\/p>\n","protected":false},"author":1,"featured_media":0,"parent":0,"menu_order":40,"comment_status":"closed","ping_status":"closed","template":"","meta":{"_monsterinsights_skip_tracking":false,"_monsterinsights_sitenote_active":false,"_monsterinsights_sitenote_note":"","_monsterinsights_sitenote_category":0,"footnotes":""},"class_list":["post-14","page","type-page","status-publish","hentry"],"_links":{"self":[{"href":"https:\/\/www.ferroware.fi\/index.php?rest_route=\/wp\/v2\/pages\/14","targetHints":{"allow":["GET"]}}],"collection":[{"href":"https:\/\/www.ferroware.fi\/index.php?rest_route=\/wp\/v2\/pages"}],"about":[{"href":"https:\/\/www.ferroware.fi\/index.php?rest_route=\/wp\/v2\/types\/page"}],"author":[{"embeddable":true,"href":"https:\/\/www.ferroware.fi\/index.php?rest_route=\/wp\/v2\/users\/1"}],"replies":[{"embeddable":true,"href":"https:\/\/www.ferroware.fi\/index.php?rest_route=%2Fwp%2Fv2%2Fcomments&post=14"}],"version-history":[{"count":9,"href":"https:\/\/www.ferroware.fi\/index.php?rest_route=\/wp\/v2\/pages\/14\/revisions"}],"predecessor-version":[{"id":118,"href":"https:\/\/www.ferroware.fi\/index.php?rest_route=\/wp\/v2\/pages\/14\/revisions\/118"}],"wp:attachment":[{"href":"https:\/\/www.ferroware.fi\/index.php?rest_route=%2Fwp%2Fv2%2Fmedia&parent=14"}],"curies":[{"name":"wp","href":"https:\/\/api.w.org\/{rel}","templated":true}]}}