{"id":12,"date":"2010-08-12T09:33:19","date_gmt":"2010-08-12T07:33:19","guid":{"rendered":"http:\/\/www.ferroware.fi\/work\/?page_id=12"},"modified":"2017-04-21T13:09:23","modified_gmt":"2017-04-21T11:09:23","slug":"lahituki","status":"publish","type":"page","link":"https:\/\/www.ferroware.fi\/?page_id=12","title":{"rendered":"L\u00e4hituki"},"content":{"rendered":"<p>Hyvin usein tietokoneille tallennettu on arvokasta, mik\u00e4 tulee ilmi kun ollaan vaihtamassa konetta uudempaan tai se menee rikki. Tietojen varmuuskopiointi on t\u00e4rke\u00e4 asia. Yksinkertaisimmin varmuuskopionniksi riitt\u00e4\u00e4 tietojen tallentaminen muistitikulle, mutta niiden lis\u00e4ksi on tarjolla monia erilaisia vaihtoehtoja ohjelmistoista laitteistoihin.<\/p>\n<p>Nykyp\u00e4iv\u00e4n\u00e4 toimivat verkkoyhteydet ovat toimistojen ja kotien perusvaatimuksia.\u00a0 Hyvin usein ohjelmistojen\/laitteiden ongelmatapauksissa takana on ongelma verkkoyhteydess\u00e4. K\u00e4ytit sitten tietokonetta, tablettia tai matkapuhelinta verkkoyhteyksien pit\u00e4\u00e4 toimia ongelmitta.<\/p>\n<p>FerroWare auttaa mm. seuraavissa asioissa<\/p>\n<p><a href=\"http:\/\/www.ferroware.fi\/wp-content\/uploads\/2010\/08\/list_ico_18_18.png\"><img loading=\"lazy\" decoding=\"async\" class=\"alignnone size-full wp-image-93\" src=\"http:\/\/www.ferroware.fi\/wp-content\/uploads\/2010\/08\/list_ico_18_18.png\" alt=\"\" width=\"18\" height=\"18\" \/><\/a> Tietokoneiden ja oheislaitteiden asennus<br \/>\n<a href=\"http:\/\/www.ferroware.fi\/wp-content\/uploads\/2010\/08\/list_ico_18_18.png\"><img loading=\"lazy\" decoding=\"async\" class=\"alignnone size-full wp-image-93\" src=\"http:\/\/www.ferroware.fi\/wp-content\/uploads\/2010\/08\/list_ico_18_18.png\" alt=\"\" width=\"18\" height=\"18\" \/><\/a> Ohjelmien asennus \/ p\u00e4ivitykset<br \/>\n<a href=\"http:\/\/www.ferroware.fi\/wp-content\/uploads\/2010\/08\/list_ico_18_18.png\"><img loading=\"lazy\" decoding=\"async\" class=\"alignnone size-full wp-image-93\" src=\"http:\/\/www.ferroware.fi\/wp-content\/uploads\/2010\/08\/list_ico_18_18.png\" alt=\"\" width=\"18\" height=\"18\" \/><\/a> Verkkoyhteyksien asennus<br \/>\n<a href=\"http:\/\/www.ferroware.fi\/wp-content\/uploads\/2010\/08\/list_ico_18_18.png\"><img loading=\"lazy\" decoding=\"async\" class=\"alignnone size-full wp-image-93\" src=\"http:\/\/www.ferroware.fi\/wp-content\/uploads\/2010\/08\/list_ico_18_18.png\" alt=\"\" width=\"18\" height=\"18\" \/><\/a> Varmuuskopiointi<br \/>\n<a href=\"http:\/\/www.ferroware.fi\/wp-content\/uploads\/2010\/08\/list_ico_18_18.png\"><img loading=\"lazy\" decoding=\"async\" class=\"alignnone size-full wp-image-93\" src=\"http:\/\/www.ferroware.fi\/wp-content\/uploads\/2010\/08\/list_ico_18_18.png\" alt=\"\" width=\"18\" height=\"18\" \/><\/a> PC-ongelmien vikojen paikallistaminen ja korjaaminen<br \/>\n<a href=\"http:\/\/www.ferroware.fi\/wp-content\/uploads\/2010\/08\/list_ico_18_18.png\"><img loading=\"lazy\" decoding=\"async\" class=\"alignnone size-full wp-image-93\" src=\"http:\/\/www.ferroware.fi\/wp-content\/uploads\/2010\/08\/list_ico_18_18.png\" alt=\"\" width=\"18\" height=\"18\" \/><\/a> Tarvekartoitukset<br \/>\n<a href=\"http:\/\/www.ferroware.fi\/wp-content\/uploads\/2010\/08\/list_ico_18_18.png\"><img loading=\"lazy\" decoding=\"async\" class=\"alignnone size-full wp-image-93\" src=\"http:\/\/www.ferroware.fi\/wp-content\/uploads\/2010\/08\/list_ico_18_18.png\" alt=\"\" width=\"18\" height=\"18\" \/><\/a> Virusten ja haittaohjelmien torjunta sek\u00e4 poisto<\/p>\n<p><img loading=\"lazy\" decoding=\"async\" class=\"alignright size-full wp-image-99\" src=\"http:\/\/www.ferroware.fi\/wp-content\/uploads\/2010\/08\/ferroware_laptop17.png\" alt=\"\" width=\"300\" height=\"286\" \/><\/p>\n","protected":false},"excerpt":{"rendered":"<p>Hyvin usein tietokoneille tallennettu on arvokasta, mik\u00e4 tulee ilmi kun ollaan vaihtamassa konetta uudempaan tai se menee rikki. Tietojen varmuuskopiointi on t\u00e4rke\u00e4 asia. Yksinkertaisimmin varmuuskopionniksi riitt\u00e4\u00e4 tietojen tallentaminen muistitikulle, mutta niiden lis\u00e4ksi on tarjolla monia erilaisia vaihtoehtoja ohjelmistoista laitteistoihin. Nykyp\u00e4iv\u00e4n\u00e4 toimivat verkkoyhteydet ovat toimistojen ja kotien perusvaatimuksia.\u00a0 Hyvin usein ohjelmistojen\/laitteiden ongelmatapauksissa takana on ongelma verkkoyhteydess\u00e4. &hellip; <\/p>\n<p class=\"link-more\"><a href=\"https:\/\/www.ferroware.fi\/?page_id=12\" class=\"more-link\">Continue reading<span class=\"screen-reader-text\"> &#8220;L\u00e4hituki&#8221;<\/span><\/a><\/p>\n","protected":false},"author":1,"featured_media":0,"parent":0,"menu_order":30,"comment_status":"closed","ping_status":"closed","template":"","meta":{"_monsterinsights_skip_tracking":false,"_monsterinsights_sitenote_active":false,"_monsterinsights_sitenote_note":"","_monsterinsights_sitenote_category":0,"footnotes":""},"class_list":["post-12","page","type-page","status-publish","hentry"],"_links":{"self":[{"href":"https:\/\/www.ferroware.fi\/index.php?rest_route=\/wp\/v2\/pages\/12","targetHints":{"allow":["GET"]}}],"collection":[{"href":"https:\/\/www.ferroware.fi\/index.php?rest_route=\/wp\/v2\/pages"}],"about":[{"href":"https:\/\/www.ferroware.fi\/index.php?rest_route=\/wp\/v2\/types\/page"}],"author":[{"embeddable":true,"href":"https:\/\/www.ferroware.fi\/index.php?rest_route=\/wp\/v2\/users\/1"}],"replies":[{"embeddable":true,"href":"https:\/\/www.ferroware.fi\/index.php?rest_route=%2Fwp%2Fv2%2Fcomments&post=12"}],"version-history":[{"count":8,"href":"https:\/\/www.ferroware.fi\/index.php?rest_route=\/wp\/v2\/pages\/12\/revisions"}],"predecessor-version":[{"id":100,"href":"https:\/\/www.ferroware.fi\/index.php?rest_route=\/wp\/v2\/pages\/12\/revisions\/100"}],"wp:attachment":[{"href":"https:\/\/www.ferroware.fi\/index.php?rest_route=%2Fwp%2Fv2%2Fmedia&parent=12"}],"curies":[{"name":"wp","href":"https:\/\/api.w.org\/{rel}","templated":true}]}}