{"id":10,"date":"2010-08-12T09:32:38","date_gmt":"2010-08-12T07:32:38","guid":{"rendered":"http:\/\/www.ferroware.fi\/work\/?page_id=10"},"modified":"2017-04-21T13:10:39","modified_gmt":"2017-04-21T11:10:39","slug":"kotisivut","status":"publish","type":"page","link":"https:\/\/www.ferroware.fi\/?page_id=10","title":{"rendered":"Kotisivut"},"content":{"rendered":"<p>Selkeill\u00e4 ja toimivilla kotisivuilla saat viestisi perille. Yritysten asiakkat l\u00f6yt\u00e4v\u00e4t etsim\u00e4ns\u00e4 tiedon palveluista, tuotteista, yhteystiedoista ja hinnoista yms.<\/p>\n<p>On t\u00e4rke\u00e4\u00e4, ett\u00e4 tiedot ovat ajan tasalla. Palveluvalikoimaamme kuuluu yll\u00e4pitosopimus, jolloin hoidamme p\u00e4ivitykset ja olette t\u00e4ysin vapaita kotisivujenne hoidosta.<\/p>\n<p><em><strong>Etuja:<\/strong><\/em><\/p>\n<p><a href=\"http:\/\/www.ferroware.fi\/wp-content\/uploads\/2010\/08\/list_ico_18_18.png\"><img loading=\"lazy\" decoding=\"async\" class=\"alignnone size-full wp-image-93\" src=\"http:\/\/www.ferroware.fi\/wp-content\/uploads\/2010\/08\/list_ico_18_18.png\" alt=\"\" width=\"18\" height=\"18\" \/><\/a> Pienen\u00e4 toimijana pystymme tarjoamaan sinulle erinomaista palvelua joustavasti ihmiselt\u00e4 ihmiselle. Puhumme sinulle suomea, emme koodikielt\u00e4.<\/p>\n<p><a href=\"http:\/\/www.ferroware.fi\/wp-content\/uploads\/2010\/08\/list_ico_18_18.png\"><img loading=\"lazy\" decoding=\"async\" class=\"alignnone size-full wp-image-93\" src=\"http:\/\/www.ferroware.fi\/wp-content\/uploads\/2010\/08\/list_ico_18_18.png\" alt=\"\" width=\"18\" height=\"18\" \/><\/a> Teemme kotisivut aina suositulla WordPress-julkaisuj\u00e4rjestelm\u00e4ll\u00e4. Se on saanut asiakkailtaimme eritt\u00e4in paljon kiitosta helppok\u00e4ytt\u00f6isyydest\u00e4\u00e4n. Sen avulla asiakkaamme pystyv\u00e4t itsekin tekem\u00e4\u00e4n pieni\u00e4 muokkauksia sivuille.<\/p>\n<p><a href=\"http:\/\/www.ferroware.fi\/wp-content\/uploads\/2010\/08\/list_ico_18_18.png\"><img loading=\"lazy\" decoding=\"async\" class=\"alignnone size-full wp-image-93\" src=\"http:\/\/www.ferroware.fi\/wp-content\/uploads\/2010\/08\/list_ico_18_18.png\" alt=\"\" width=\"18\" height=\"18\" \/><\/a> Sivut sopivat erilaisille p\u00e4\u00e4telaitteille (esim. p\u00f6yt\u00e4tietokoneen n\u00e4ytt\u00f6, tabletti tai puhelin). Sivut mukautuvat automaattisesti n\u00e4yt\u00f6n koon mukaan, jolloin kotisivut n\u00e4ytt\u00e4v\u00e4t hyvilt\u00e4 tietokoneen lis\u00e4ksi my\u00f6s tabletti- ja mobiililaitteilla.<\/p>\n<p><strong>Kiinnostuitko<\/strong> \u2013 <a href=\"http:\/\/www.ferroware.fi\/?page_id=16\">ota yhteytt\u00e4!<\/a><\/p>\n<p><img loading=\"lazy\" decoding=\"async\" class=\"aligncenter wp-image-90 size-full\" src=\"http:\/\/www.ferroware.fi\/wp-content\/uploads\/2010\/08\/desktop.png\" alt=\"\" width=\"446\" height=\"341\" srcset=\"https:\/\/www.ferroware.fi\/wp-content\/uploads\/2010\/08\/desktop.png 446w, https:\/\/www.ferroware.fi\/wp-content\/uploads\/2010\/08\/desktop-300x229.png 300w\" sizes=\"auto, (max-width: 446px) 100vw, 446px\" \/><\/p>\n<p><img loading=\"lazy\" decoding=\"async\" class=\"aligncenter wp-image-92 size-full\" src=\"http:\/\/www.ferroware.fi\/wp-content\/uploads\/2010\/08\/phone_tablet.png\" alt=\"\" width=\"339\" height=\"314\" srcset=\"https:\/\/www.ferroware.fi\/wp-content\/uploads\/2010\/08\/phone_tablet.png 339w, https:\/\/www.ferroware.fi\/wp-content\/uploads\/2010\/08\/phone_tablet-300x278.png 300w\" sizes=\"auto, (max-width: 339px) 100vw, 339px\" \/><\/p>\n","protected":false},"excerpt":{"rendered":"<p>Selkeill\u00e4 ja toimivilla kotisivuilla saat viestisi perille. Yritysten asiakkat l\u00f6yt\u00e4v\u00e4t etsim\u00e4ns\u00e4 tiedon palveluista, tuotteista, yhteystiedoista ja hinnoista yms. On t\u00e4rke\u00e4\u00e4, ett\u00e4 tiedot ovat ajan tasalla. Palveluvalikoimaamme kuuluu yll\u00e4pitosopimus, jolloin hoidamme p\u00e4ivitykset ja olette t\u00e4ysin vapaita kotisivujenne hoidosta. Etuja: Pienen\u00e4 toimijana pystymme tarjoamaan sinulle erinomaista palvelua joustavasti ihmiselt\u00e4 ihmiselle. Puhumme sinulle suomea, emme koodikielt\u00e4. Teemme kotisivut &hellip; <\/p>\n<p class=\"link-more\"><a href=\"https:\/\/www.ferroware.fi\/?page_id=10\" class=\"more-link\">Continue reading<span class=\"screen-reader-text\"> &#8220;Kotisivut&#8221;<\/span><\/a><\/p>\n","protected":false},"author":1,"featured_media":0,"parent":0,"menu_order":20,"comment_status":"closed","ping_status":"closed","template":"","meta":{"_monsterinsights_skip_tracking":false,"_monsterinsights_sitenote_active":false,"_monsterinsights_sitenote_note":"","_monsterinsights_sitenote_category":0,"footnotes":""},"class_list":["post-10","page","type-page","status-publish","hentry"],"_links":{"self":[{"href":"https:\/\/www.ferroware.fi\/index.php?rest_route=\/wp\/v2\/pages\/10","targetHints":{"allow":["GET"]}}],"collection":[{"href":"https:\/\/www.ferroware.fi\/index.php?rest_route=\/wp\/v2\/pages"}],"about":[{"href":"https:\/\/www.ferroware.fi\/index.php?rest_route=\/wp\/v2\/types\/page"}],"author":[{"embeddable":true,"href":"https:\/\/www.ferroware.fi\/index.php?rest_route=\/wp\/v2\/users\/1"}],"replies":[{"embeddable":true,"href":"https:\/\/www.ferroware.fi\/index.php?rest_route=%2Fwp%2Fv2%2Fcomments&post=10"}],"version-history":[{"count":15,"href":"https:\/\/www.ferroware.fi\/index.php?rest_route=\/wp\/v2\/pages\/10\/revisions"}],"predecessor-version":[{"id":101,"href":"https:\/\/www.ferroware.fi\/index.php?rest_route=\/wp\/v2\/pages\/10\/revisions\/101"}],"wp:attachment":[{"href":"https:\/\/www.ferroware.fi\/index.php?rest_route=%2Fwp%2Fv2%2Fmedia&parent=10"}],"curies":[{"name":"wp","href":"https:\/\/api.w.org\/{rel}","templated":true}]}}