{"id":35,"date":"2010-08-18T10:18:21","date_gmt":"2010-08-18T08:18:21","guid":{"rendered":"http:\/\/www.ferroware.fi\/?page_id=35"},"modified":"2011-02-08T10:33:37","modified_gmt":"2011-02-08T08:33:37","slug":"toimitusehdot","status":"publish","type":"page","link":"http:\/\/www.ferroware.fi\/?page_id=35","title":{"rendered":"Toimitusehdot"},"content":{"rendered":"<p>FerroWaren toimittamiin palveluihin sovelletaan n\u00e4it\u00e4 yleisi\u00e4 toimitusehtoja.<\/p>\n<p>1. Sopimus syntyy, kun asiakas on tilannut  FerroWarelta palvelun ja FerroWare on vahvistanut palvelun  toimittamisen. Asiakkaan pyynn\u00f6st\u00e4 voidaan tehd\u00e4 kirjallinen sopimus.<\/p>\n<p>2. FerroWarella on oikeus veloittaa  asiakkaalta kulloisenkin hinnastonsa mukainen veloitus, joka perustuu  k\u00e4ytettyyn aikaan, ellei muusta veloitusperusteesta ole nimenomaisesti  sovittu. FerroWarella on k\u00e4ytetyst\u00e4 ajasta riippumatta aina oikeus  veloittaa kulloisenkin hinnastonsa mukainen minimiveloitus. FerroWare on  oikeutettu korotettuun veloitukseen toimenpiteist\u00e4, jotka joudutaan  tekem\u00e4\u00e4n normaalin ty\u00f6ajan ulkopuolella asiakkaasta johtuvasta syyst\u00e4.  Korotus hinnaston mukaisiin tuntihintoihin on +50 % arkisin klo 18.00 &#8211;  20.00 sek\u00e4 lauantaisin ja +100% arkisin klo 20.00 j\u00e4lkeen sek\u00e4  sunnuntaisin, ellei muusta ole sovittu.<\/p>\n<p>3. FerroWare pit\u00e4\u00e4 salassa asiakkaalta saamansa luottamukselliset tiedot.<\/p>\n<p>4. Asiakkaan velvollisuutena on huolehtia  siit\u00e4, ett\u00e4 kaikesta tarpeellisesta tiedosta on otettu varmuuskopiot  ennen palvelun toimittamista. Asiakas voi halutessaan tilata  varmuuskopioiden tekemisen FerroWarelta. Mik\u00e4li asiakas ei ole ottanut  varmuuskopioita eik\u00e4 tilannut varmuuskopiointia FerroWarelta, ei  FerroWare vastaa palvelun toimittamisen yhteydess\u00e4 mahdollisesti  kadonneesta aineistosta.<\/p>\n<p>5. FerroWare korvaa tuottamuksellaan  aiheuttamansa v\u00e4litt\u00f6m\u00e4t esine- ja henkil\u00f6vahingot. FerroWaren vastuu  v\u00e4lillisist\u00e4 ja taloudellisista vahingoista rajoittuu summaan, jonka  asiakas on maksanut FerroWarelle palvelun toimittamisesta. FerroWare ei  ole velvollinen korvaamaan ylivoimaisesta esteest\u00e4 johtuvia vahinkoja<\/p>\n<p>6. Jos asiakas haluaa vedota suoritetun ty\u00f6n  virheellisyyteen, h\u00e4nen on teht\u00e4v\u00e4 kirjallinen reklamaatio  kohtuullisessa ajassa siit\u00e4 kun h\u00e4n on huomannut virheen tai h\u00e4nen olisi  tullut huomata virhe. Reklamaation on tapahduttava viimeist\u00e4\u00e4n  kuukauden kuluttua reklamaation kohteena olevasta toimenpiteest\u00e4..<\/p>\n<p>7. FerroWare ei luovuta asiakkaiden tietoja ulkopuolisille markkinointitarkoituksiin.<\/p>\n","protected":false},"excerpt":{"rendered":"<p>FerroWaren toimittamiin palveluihin sovelletaan n\u00e4it\u00e4 yleisi\u00e4 toimitusehtoja. 1. Sopimus syntyy, kun asiakas on tilannut FerroWarelta palvelun ja FerroWare on vahvistanut palvelun toimittamisen. Asiakkaan pyynn\u00f6st\u00e4 voidaan tehd\u00e4 kirjallinen sopimus. 2. FerroWarella on oikeus veloittaa asiakkaalta kulloisenkin hinnastonsa mukainen veloitus, joka perustuu k\u00e4ytettyyn aikaan, ellei muusta veloitusperusteesta ole nimenomaisesti sovittu. FerroWarella on k\u00e4ytetyst\u00e4 ajasta riippumatta aina oikeus &hellip; <\/p>\n<p class=\"link-more\"><a href=\"http:\/\/www.ferroware.fi\/?page_id=35\" class=\"more-link\">Continue reading<span class=\"screen-reader-text\"> &#8220;Toimitusehdot&#8221;<\/span><\/a><\/p>\n","protected":false},"author":2,"featured_media":0,"parent":14,"menu_order":60,"comment_status":"closed","ping_status":"closed","template":"","meta":{"_monsterinsights_skip_tracking":false,"_monsterinsights_sitenote_active":false,"_monsterinsights_sitenote_note":"","_monsterinsights_sitenote_category":0,"footnotes":""},"class_list":["post-35","page","type-page","status-publish","hentry"],"_links":{"self":[{"href":"http:\/\/www.ferroware.fi\/index.php?rest_route=\/wp\/v2\/pages\/35","targetHints":{"allow":["GET"]}}],"collection":[{"href":"http:\/\/www.ferroware.fi\/index.php?rest_route=\/wp\/v2\/pages"}],"about":[{"href":"http:\/\/www.ferroware.fi\/index.php?rest_route=\/wp\/v2\/types\/page"}],"author":[{"embeddable":true,"href":"http:\/\/www.ferroware.fi\/index.php?rest_route=\/wp\/v2\/users\/2"}],"replies":[{"embeddable":true,"href":"http:\/\/www.ferroware.fi\/index.php?rest_route=%2Fwp%2Fv2%2Fcomments&post=35"}],"version-history":[{"count":4,"href":"http:\/\/www.ferroware.fi\/index.php?rest_route=\/wp\/v2\/pages\/35\/revisions"}],"predecessor-version":[{"id":47,"href":"http:\/\/www.ferroware.fi\/index.php?rest_route=\/wp\/v2\/pages\/35\/revisions\/47"}],"up":[{"embeddable":true,"href":"http:\/\/www.ferroware.fi\/index.php?rest_route=\/wp\/v2\/pages\/14"}],"wp:attachment":[{"href":"http:\/\/www.ferroware.fi\/index.php?rest_route=%2Fwp%2Fv2%2Fmedia&parent=35"}],"curies":[{"name":"wp","href":"https:\/\/api.w.org\/{rel}","templated":true}]}}